{"id":8926,"date":"2024-10-01T12:08:55","date_gmt":"2024-10-01T10:08:55","guid":{"rendered":"https:\/\/sainte-germaine-pornichet.fr\/?page_id=8926"},"modified":"2025-06-11T12:35:00","modified_gmt":"2025-06-11T10:35:00","slug":"apel","status":"publish","type":"page","link":"https:\/\/sainte-germaine-pornichet.fr\/?page_id=8926","title":{"rendered":"APEL"},"content":{"rendered":"<h2>APEL (Association des Parents d&rsquo;El\u00e8ves) (organisation de manifestations, lien avec les familles)<\/h2>\n<p>Pr\u00e9sidente : Madame Carolyne GRANGER<\/p>\n<p>Secr\u00e9taire : Madame Elise ALLAIN-DUPRE<\/p>\n<p>Tr\u00e9sorier : Monsieur Samuel GRUAND<\/p>\n<p><a href=\"https:\/\/sainte-germaine-pornichet.fr\/wp-content\/uploads\/2025\/06\/organigramme-APEL.jpg\"><img loading=\"lazy\" decoding=\"async\" src=\"https:\/\/sainte-germaine-pornichet.fr\/wp-content\/uploads\/2025\/06\/organigramme-APEL-300x213.jpg\" alt=\"\" width=\"300\" height=\"213\" class=\"alignnone size-medium wp-image-50818\" srcset=\"https:\/\/sainte-germaine-pornichet.fr\/wp-content\/uploads\/2025\/06\/organigramme-APEL-300x213.jpg 300w, https:\/\/sainte-germaine-pornichet.fr\/wp-content\/uploads\/2025\/06\/organigramme-APEL-1024x728.jpg 1024w, https:\/\/sainte-germaine-pornichet.fr\/wp-content\/uploads\/2025\/06\/organigramme-APEL-768x546.jpg 768w, https:\/\/sainte-germaine-pornichet.fr\/wp-content\/uploads\/2025\/06\/organigramme-APEL.jpg 1200w\" sizes=\"auto, (max-width: 300px) 100vw, 300px\" \/><\/a><\/p>\n<p><em>Pour contacter l&rsquo;APEL : apel.stegermaine44@gmail.com<\/em><\/p>\n","protected":false},"excerpt":{"rendered":"<p>APEL (Association des Parents d&rsquo;El\u00e8ves) (organisation de manifestations, lien avec les familles) Pr\u00e9sidente : Madame Carolyne GRANGER Secr\u00e9taire : Madame Elise ALLAIN-DUPRE Tr\u00e9sorier : Monsieur Samuel GRUAND Pour contacter l&rsquo;APEL&hellip; <br \/> <a class=\"read-more\" href=\"https:\/\/sainte-germaine-pornichet.fr\/?page_id=8926\">Lire la suite<\/a><\/p>\n","protected":false},"author":7,"featured_media":0,"parent":0,"menu_order":0,"comment_status":"closed","ping_status":"closed","template":"","meta":{"footnotes":""},"class_list":["post-8926","page","type-page","status-publish","hentry"],"_links":{"self":[{"href":"https:\/\/sainte-germaine-pornichet.fr\/index.php?rest_route=\/wp\/v2\/pages\/8926","targetHints":{"allow":["GET"]}}],"collection":[{"href":"https:\/\/sainte-germaine-pornichet.fr\/index.php?rest_route=\/wp\/v2\/pages"}],"about":[{"href":"https:\/\/sainte-germaine-pornichet.fr\/index.php?rest_route=\/wp\/v2\/types\/page"}],"author":[{"embeddable":true,"href":"https:\/\/sainte-germaine-pornichet.fr\/index.php?rest_route=\/wp\/v2\/users\/7"}],"replies":[{"embeddable":true,"href":"https:\/\/sainte-germaine-pornichet.fr\/index.php?rest_route=%2Fwp%2Fv2%2Fcomments&post=8926"}],"version-history":[{"count":3,"href":"https:\/\/sainte-germaine-pornichet.fr\/index.php?rest_route=\/wp\/v2\/pages\/8926\/revisions"}],"predecessor-version":[{"id":50819,"href":"https:\/\/sainte-germaine-pornichet.fr\/index.php?rest_route=\/wp\/v2\/pages\/8926\/revisions\/50819"}],"wp:attachment":[{"href":"https:\/\/sainte-germaine-pornichet.fr\/index.php?rest_route=%2Fwp%2Fv2%2Fmedia&parent=8926"}],"curies":[{"name":"wp","href":"https:\/\/api.w.org\/{rel}","templated":true}]}}