{"id":3505,"date":"2018-08-24T10:26:23","date_gmt":"2018-08-24T08:26:23","guid":{"rendered":"https:\/\/sainte-germaine-pornichet.fr\/?page_id=3505"},"modified":"2025-07-09T12:46:07","modified_gmt":"2025-07-09T10:46:07","slug":"liste-des-fournitures","status":"publish","type":"page","link":"https:\/\/sainte-germaine-pornichet.fr\/?page_id=3505","title":{"rendered":"Fournitures scolaires"},"content":{"rendered":"<p>&nbsp;<\/p>\n<p>L&rsquo;\u00e9cole fournit une grande partie du mat\u00e9riel (cf. r\u00e8glement financier).<\/p>\n<p>Vous recevrez la liste des fournitures \u00e0 pr\u00e9voir pour la rentr\u00e9e.<\/p>\n<p>En cours d&rsquo;ann\u00e9e, une v\u00e9rification et des r\u00e9ajustements sont demand\u00e9s si n\u00e9cessaires, souvent au moment des vacances.<\/p>\n<p>\n<div\n    class='wp-block-pdfp-pdf-poster  alignnone'\n    id='block-2'\n    data-attributes='{&quot;uniqueId&quot;:&quot;pdfp1&quot;,&quot;file&quot;:&quot;https:\\\/\\\/sainte-germaine-pornichet.fr\\\/wp-content\\\/uploads\\\/2025\\\/07\\\/fournitures-PS-2025-2026.pdf&quot;,&quot;title&quot;:&quot;&quot;,&quot;height&quot;:&quot;842px&quot;,&quot;width&quot;:&quot;100%&quot;,&quot;print&quot;:false,&quot;downloadButton&quot;:false,&quot;fullscreenButtonText&quot;:&quot;View Fullscreen&quot;,&quot;fullscreenButton&quot;:true,&quot;align&quot;:&quot;none&quot;,&quot;alignment&quot;:&quot;left&quot;,&quot;titleFontSize&quot;:&quot;16px&quot;,&quot;showName&quot;:false,&quot;onlyPDF&quot;:false,&quot;defaultBrowser&quot;:false,&quot;downloadButtonText&quot;:&quot;Download File&quot;,&quot;newWindow&quot;:false,&quot;protect&quot;:false,&quot;thumbMenu&quot;:false,&quot;sidebarOpen&quot;:false,&quot;initialPage&quot;:0,&quot;alert&quot;:false,&quot;lastVersion&quot;:false,&quot;hrScroll&quot;:false,&quot;isHideRightToolbar&quot;:false,&quot;additional&quot;:{&quot;ID&quot;:&quot;&quot;,&quot;Class&quot;:&quot;&quot;,&quot;CSS&quot;:&quot;&quot;},&quot;adobeEmbedder&quot;:false,&quot;adobeOptions&quot;:{&quot;showDownloadPDF&quot;:true,&quot;showPrintPDF&quot;:true,&quot;showAnnotationTools&quot;:true,&quot;showFullScreen&quot;:false,&quot;embedMode&quot;:&quot;SIZED_CONTAINER&quot;},&quot;popupOptions&quot;:{&quot;enabled&quot;:false,&quot;text&quot;:&quot;Open PDF&quot;,&quot;btnStyle&quot;:{&quot;background&quot;:&quot;#2271b1&quot;,&quot;color&quot;:&quot;#fff&quot;,&quot;fontSize&quot;:&quot;16px&quot;,&quot;padding&quot;:{&quot;top&quot;:10,&quot;right&quot;:20,&quot;bottom&quot;:10,&quot;left&quot;:10}}},&quot;popupBtnStyle&quot;:{&quot;background&quot;:&quot;#2271b1&quot;,&quot;color&quot;:&quot;#fff&quot;,&quot;padding&quot;:{&quot;top&quot;:10,&quot;right&quot;:20,&quot;bottom&quot;:10,&quot;left&quot;:10}},&quot;popupBtnText&quot;:&quot;Open Document&quot;,&quot;CSS&quot;:&quot;&quot;}'\n    style=\"text-align: left\">\n    \n        <iframe loading=\"lazy\" style=\"border:0;\" width=\"100%\" height=\"800px\" class=\"pdfp_unsupported_frame\" src=\"\/\/docs.google.com\/gview?embedded=true&url=https:\/\/sainte-germaine-pornichet.fr\/wp-content\/uploads\/2025\/07\/fournitures-PS-2025-2026.pdf\"><\/iframe>\n\n    <\/div><br \/>\n\n<div\n    class='wp-block-pdfp-pdf-poster  alignnone'\n    id='block-4'\n    data-attributes='{&quot;uniqueId&quot;:&quot;pdfp3&quot;,&quot;file&quot;:&quot;https:\\\/\\\/sainte-germaine-pornichet.fr\\\/wp-content\\\/uploads\\\/2025\\\/07\\\/fournitures-MS-2025-2026.pdf&quot;,&quot;title&quot;:&quot;&quot;,&quot;height&quot;:&quot;842px&quot;,&quot;width&quot;:&quot;100%&quot;,&quot;print&quot;:false,&quot;downloadButton&quot;:false,&quot;fullscreenButtonText&quot;:&quot;View Fullscreen&quot;,&quot;fullscreenButton&quot;:true,&quot;align&quot;:&quot;none&quot;,&quot;alignment&quot;:&quot;left&quot;,&quot;titleFontSize&quot;:&quot;16px&quot;,&quot;showName&quot;:false,&quot;onlyPDF&quot;:false,&quot;defaultBrowser&quot;:false,&quot;downloadButtonText&quot;:&quot;Download File&quot;,&quot;newWindow&quot;:false,&quot;protect&quot;:false,&quot;thumbMenu&quot;:false,&quot;sidebarOpen&quot;:false,&quot;initialPage&quot;:0,&quot;alert&quot;:false,&quot;lastVersion&quot;:false,&quot;hrScroll&quot;:false,&quot;isHideRightToolbar&quot;:false,&quot;additional&quot;:{&quot;ID&quot;:&quot;&quot;,&quot;Class&quot;:&quot;&quot;,&quot;CSS&quot;:&quot;&quot;},&quot;adobeEmbedder&quot;:false,&quot;adobeOptions&quot;:{&quot;showDownloadPDF&quot;:true,&quot;showPrintPDF&quot;:true,&quot;showAnnotationTools&quot;:true,&quot;showFullScreen&quot;:false,&quot;embedMode&quot;:&quot;SIZED_CONTAINER&quot;},&quot;popupOptions&quot;:{&quot;enabled&quot;:false,&quot;text&quot;:&quot;Open PDF&quot;,&quot;btnStyle&quot;:{&quot;background&quot;:&quot;#2271b1&quot;,&quot;color&quot;:&quot;#fff&quot;,&quot;fontSize&quot;:&quot;16px&quot;,&quot;padding&quot;:{&quot;top&quot;:10,&quot;right&quot;:20,&quot;bottom&quot;:10,&quot;left&quot;:10}}},&quot;popupBtnStyle&quot;:{&quot;background&quot;:&quot;#2271b1&quot;,&quot;color&quot;:&quot;#fff&quot;,&quot;padding&quot;:{&quot;top&quot;:10,&quot;right&quot;:20,&quot;bottom&quot;:10,&quot;left&quot;:10}},&quot;popupBtnText&quot;:&quot;Open Document&quot;,&quot;CSS&quot;:&quot;&quot;}'\n    style=\"text-align: left\">\n    \n        <iframe loading=\"lazy\" style=\"border:0;\" width=\"100%\" height=\"800px\" class=\"pdfp_unsupported_frame\" src=\"\/\/docs.google.com\/gview?embedded=true&url=https:\/\/sainte-germaine-pornichet.fr\/wp-content\/uploads\/2025\/07\/fournitures-MS-2025-2026.pdf\"><\/iframe>\n\n    <\/div><br \/>\n\n<div\n    class='wp-block-pdfp-pdf-poster  alignnone'\n    id='block-6'\n    data-attributes='{&quot;uniqueId&quot;:&quot;pdfp5&quot;,&quot;file&quot;:&quot;https:\\\/\\\/sainte-germaine-pornichet.fr\\\/wp-content\\\/uploads\\\/2025\\\/07\\\/fournitures-GS-2025-2026.pdf&quot;,&quot;title&quot;:&quot;&quot;,&quot;height&quot;:&quot;842px&quot;,&quot;width&quot;:&quot;100%&quot;,&quot;print&quot;:false,&quot;downloadButton&quot;:false,&quot;fullscreenButtonText&quot;:&quot;View Fullscreen&quot;,&quot;fullscreenButton&quot;:true,&quot;align&quot;:&quot;none&quot;,&quot;alignment&quot;:&quot;left&quot;,&quot;titleFontSize&quot;:&quot;16px&quot;,&quot;showName&quot;:false,&quot;onlyPDF&quot;:false,&quot;defaultBrowser&quot;:false,&quot;downloadButtonText&quot;:&quot;Download File&quot;,&quot;newWindow&quot;:false,&quot;protect&quot;:false,&quot;thumbMenu&quot;:false,&quot;sidebarOpen&quot;:false,&quot;initialPage&quot;:0,&quot;alert&quot;:false,&quot;lastVersion&quot;:false,&quot;hrScroll&quot;:false,&quot;isHideRightToolbar&quot;:false,&quot;additional&quot;:{&quot;ID&quot;:&quot;&quot;,&quot;Class&quot;:&quot;&quot;,&quot;CSS&quot;:&quot;&quot;},&quot;adobeEmbedder&quot;:false,&quot;adobeOptions&quot;:{&quot;showDownloadPDF&quot;:true,&quot;showPrintPDF&quot;:true,&quot;showAnnotationTools&quot;:true,&quot;showFullScreen&quot;:false,&quot;embedMode&quot;:&quot;SIZED_CONTAINER&quot;},&quot;popupOptions&quot;:{&quot;enabled&quot;:false,&quot;text&quot;:&quot;Open PDF&quot;,&quot;btnStyle&quot;:{&quot;background&quot;:&quot;#2271b1&quot;,&quot;color&quot;:&quot;#fff&quot;,&quot;fontSize&quot;:&quot;16px&quot;,&quot;padding&quot;:{&quot;top&quot;:10,&quot;right&quot;:20,&quot;bottom&quot;:10,&quot;left&quot;:10}}},&quot;popupBtnStyle&quot;:{&quot;background&quot;:&quot;#2271b1&quot;,&quot;color&quot;:&quot;#fff&quot;,&quot;padding&quot;:{&quot;top&quot;:10,&quot;right&quot;:20,&quot;bottom&quot;:10,&quot;left&quot;:10}},&quot;popupBtnText&quot;:&quot;Open Document&quot;,&quot;CSS&quot;:&quot;&quot;}'\n    style=\"text-align: left\">\n    \n        <iframe loading=\"lazy\" style=\"border:0;\" width=\"100%\" height=\"800px\" class=\"pdfp_unsupported_frame\" src=\"\/\/docs.google.com\/gview?embedded=true&url=https:\/\/sainte-germaine-pornichet.fr\/wp-content\/uploads\/2025\/07\/fournitures-GS-2025-2026.pdf\"><\/iframe>\n\n    <\/div><br \/>\n\n<div\n    class='wp-block-pdfp-pdf-poster  alignnone'\n    id='block-8'\n    data-attributes='{&quot;uniqueId&quot;:&quot;pdfp7&quot;,&quot;file&quot;:&quot;https:\\\/\\\/sainte-germaine-pornichet.fr\\\/wp-content\\\/uploads\\\/2025\\\/07\\\/fournitures-CP-CE1-2025-2026.pdf&quot;,&quot;title&quot;:&quot;&quot;,&quot;height&quot;:&quot;842px&quot;,&quot;width&quot;:&quot;100%&quot;,&quot;print&quot;:false,&quot;downloadButton&quot;:false,&quot;fullscreenButtonText&quot;:&quot;View Fullscreen&quot;,&quot;fullscreenButton&quot;:true,&quot;align&quot;:&quot;none&quot;,&quot;alignment&quot;:&quot;left&quot;,&quot;titleFontSize&quot;:&quot;16px&quot;,&quot;showName&quot;:false,&quot;onlyPDF&quot;:false,&quot;defaultBrowser&quot;:false,&quot;downloadButtonText&quot;:&quot;Download File&quot;,&quot;newWindow&quot;:false,&quot;protect&quot;:false,&quot;thumbMenu&quot;:false,&quot;sidebarOpen&quot;:false,&quot;initialPage&quot;:0,&quot;alert&quot;:false,&quot;lastVersion&quot;:false,&quot;hrScroll&quot;:false,&quot;isHideRightToolbar&quot;:false,&quot;additional&quot;:{&quot;ID&quot;:&quot;&quot;,&quot;Class&quot;:&quot;&quot;,&quot;CSS&quot;:&quot;&quot;},&quot;adobeEmbedder&quot;:false,&quot;adobeOptions&quot;:{&quot;showDownloadPDF&quot;:true,&quot;showPrintPDF&quot;:true,&quot;showAnnotationTools&quot;:true,&quot;showFullScreen&quot;:false,&quot;embedMode&quot;:&quot;SIZED_CONTAINER&quot;},&quot;popupOptions&quot;:{&quot;enabled&quot;:false,&quot;text&quot;:&quot;Open PDF&quot;,&quot;btnStyle&quot;:{&quot;background&quot;:&quot;#2271b1&quot;,&quot;color&quot;:&quot;#fff&quot;,&quot;fontSize&quot;:&quot;16px&quot;,&quot;padding&quot;:{&quot;top&quot;:10,&quot;right&quot;:20,&quot;bottom&quot;:10,&quot;left&quot;:10}}},&quot;popupBtnStyle&quot;:{&quot;background&quot;:&quot;#2271b1&quot;,&quot;color&quot;:&quot;#fff&quot;,&quot;padding&quot;:{&quot;top&quot;:10,&quot;right&quot;:20,&quot;bottom&quot;:10,&quot;left&quot;:10}},&quot;popupBtnText&quot;:&quot;Open Document&quot;,&quot;CSS&quot;:&quot;&quot;}'\n    style=\"text-align: left\">\n    \n        <iframe loading=\"lazy\" style=\"border:0;\" width=\"100%\" height=\"800px\" class=\"pdfp_unsupported_frame\" src=\"\/\/docs.google.com\/gview?embedded=true&url=https:\/\/sainte-germaine-pornichet.fr\/wp-content\/uploads\/2025\/07\/fournitures-CP-CE1-2025-2026.pdf\"><\/iframe>\n\n    <\/div><br \/>\n\n<div\n    class='wp-block-pdfp-pdf-poster  alignnone'\n    id='block-10'\n    data-attributes='{&quot;uniqueId&quot;:&quot;pdfp9&quot;,&quot;file&quot;:&quot;https:\\\/\\\/sainte-germaine-pornichet.fr\\\/wp-content\\\/uploads\\\/2025\\\/07\\\/fournitures-CE1-CE2-2025-2026.pdf&quot;,&quot;title&quot;:&quot;&quot;,&quot;height&quot;:&quot;842px&quot;,&quot;width&quot;:&quot;100%&quot;,&quot;print&quot;:false,&quot;downloadButton&quot;:false,&quot;fullscreenButtonText&quot;:&quot;View Fullscreen&quot;,&quot;fullscreenButton&quot;:true,&quot;align&quot;:&quot;none&quot;,&quot;alignment&quot;:&quot;left&quot;,&quot;titleFontSize&quot;:&quot;16px&quot;,&quot;showName&quot;:false,&quot;onlyPDF&quot;:false,&quot;defaultBrowser&quot;:false,&quot;downloadButtonText&quot;:&quot;Download File&quot;,&quot;newWindow&quot;:false,&quot;protect&quot;:false,&quot;thumbMenu&quot;:false,&quot;sidebarOpen&quot;:false,&quot;initialPage&quot;:0,&quot;alert&quot;:false,&quot;lastVersion&quot;:false,&quot;hrScroll&quot;:false,&quot;isHideRightToolbar&quot;:false,&quot;additional&quot;:{&quot;ID&quot;:&quot;&quot;,&quot;Class&quot;:&quot;&quot;,&quot;CSS&quot;:&quot;&quot;},&quot;adobeEmbedder&quot;:false,&quot;adobeOptions&quot;:{&quot;showDownloadPDF&quot;:true,&quot;showPrintPDF&quot;:true,&quot;showAnnotationTools&quot;:true,&quot;showFullScreen&quot;:false,&quot;embedMode&quot;:&quot;SIZED_CONTAINER&quot;},&quot;popupOptions&quot;:{&quot;enabled&quot;:false,&quot;text&quot;:&quot;Open PDF&quot;,&quot;btnStyle&quot;:{&quot;background&quot;:&quot;#2271b1&quot;,&quot;color&quot;:&quot;#fff&quot;,&quot;fontSize&quot;:&quot;16px&quot;,&quot;padding&quot;:{&quot;top&quot;:10,&quot;right&quot;:20,&quot;bottom&quot;:10,&quot;left&quot;:10}}},&quot;popupBtnStyle&quot;:{&quot;background&quot;:&quot;#2271b1&quot;,&quot;color&quot;:&quot;#fff&quot;,&quot;padding&quot;:{&quot;top&quot;:10,&quot;right&quot;:20,&quot;bottom&quot;:10,&quot;left&quot;:10}},&quot;popupBtnText&quot;:&quot;Open Document&quot;,&quot;CSS&quot;:&quot;&quot;}'\n    style=\"text-align: left\">\n    \n        <iframe loading=\"lazy\" style=\"border:0;\" width=\"100%\" height=\"800px\" class=\"pdfp_unsupported_frame\" src=\"\/\/docs.google.com\/gview?embedded=true&url=https:\/\/sainte-germaine-pornichet.fr\/wp-content\/uploads\/2025\/07\/fournitures-CE1-CE2-2025-2026.pdf\"><\/iframe>\n\n    <\/div><br \/>\n\n<div\n    class='wp-block-pdfp-pdf-poster  alignnone'\n    id='block-12'\n    data-attributes='{&quot;uniqueId&quot;:&quot;pdfp11&quot;,&quot;file&quot;:&quot;https:\\\/\\\/sainte-germaine-pornichet.fr\\\/wp-content\\\/uploads\\\/2025\\\/07\\\/fournitures-CM1-CM2-2025-2026.pdf&quot;,&quot;title&quot;:&quot;&quot;,&quot;height&quot;:&quot;842px&quot;,&quot;width&quot;:&quot;100%&quot;,&quot;print&quot;:false,&quot;downloadButton&quot;:false,&quot;fullscreenButtonText&quot;:&quot;View Fullscreen&quot;,&quot;fullscreenButton&quot;:true,&quot;align&quot;:&quot;none&quot;,&quot;alignment&quot;:&quot;left&quot;,&quot;titleFontSize&quot;:&quot;16px&quot;,&quot;showName&quot;:false,&quot;onlyPDF&quot;:false,&quot;defaultBrowser&quot;:false,&quot;downloadButtonText&quot;:&quot;Download File&quot;,&quot;newWindow&quot;:false,&quot;protect&quot;:false,&quot;thumbMenu&quot;:false,&quot;sidebarOpen&quot;:false,&quot;initialPage&quot;:0,&quot;alert&quot;:false,&quot;lastVersion&quot;:false,&quot;hrScroll&quot;:false,&quot;isHideRightToolbar&quot;:false,&quot;additional&quot;:{&quot;ID&quot;:&quot;&quot;,&quot;Class&quot;:&quot;&quot;,&quot;CSS&quot;:&quot;&quot;},&quot;adobeEmbedder&quot;:false,&quot;adobeOptions&quot;:{&quot;showDownloadPDF&quot;:true,&quot;showPrintPDF&quot;:true,&quot;showAnnotationTools&quot;:true,&quot;showFullScreen&quot;:false,&quot;embedMode&quot;:&quot;SIZED_CONTAINER&quot;},&quot;popupOptions&quot;:{&quot;enabled&quot;:false,&quot;text&quot;:&quot;Open PDF&quot;,&quot;btnStyle&quot;:{&quot;background&quot;:&quot;#2271b1&quot;,&quot;color&quot;:&quot;#fff&quot;,&quot;fontSize&quot;:&quot;16px&quot;,&quot;padding&quot;:{&quot;top&quot;:10,&quot;right&quot;:20,&quot;bottom&quot;:10,&quot;left&quot;:10}}},&quot;popupBtnStyle&quot;:{&quot;background&quot;:&quot;#2271b1&quot;,&quot;color&quot;:&quot;#fff&quot;,&quot;padding&quot;:{&quot;top&quot;:10,&quot;right&quot;:20,&quot;bottom&quot;:10,&quot;left&quot;:10}},&quot;popupBtnText&quot;:&quot;Open Document&quot;,&quot;CSS&quot;:&quot;&quot;}'\n    style=\"text-align: left\">\n    \n        <iframe loading=\"lazy\" style=\"border:0;\" width=\"100%\" height=\"800px\" class=\"pdfp_unsupported_frame\" src=\"\/\/docs.google.com\/gview?embedded=true&url=https:\/\/sainte-germaine-pornichet.fr\/wp-content\/uploads\/2025\/07\/fournitures-CM1-CM2-2025-2026.pdf\"><\/iframe>\n\n    <\/div><\/p>\n","protected":false},"excerpt":{"rendered":"<p>&nbsp; L&rsquo;\u00e9cole fournit une grande partie du mat\u00e9riel (cf. r\u00e8glement financier). Vous recevrez la liste des fournitures \u00e0 pr\u00e9voir pour la rentr\u00e9e. En cours d&rsquo;ann\u00e9e, une v\u00e9rification et des r\u00e9ajustements&hellip; <br \/> <a class=\"read-more\" href=\"https:\/\/sainte-germaine-pornichet.fr\/?page_id=3505\">Lire la suite<\/a><\/p>\n","protected":false},"author":16,"featured_media":0,"parent":0,"menu_order":0,"comment_status":"closed","ping_status":"closed","template":"","meta":{"footnotes":""},"class_list":["post-3505","page","type-page","status-publish","hentry"],"_links":{"self":[{"href":"https:\/\/sainte-germaine-pornichet.fr\/index.php?rest_route=\/wp\/v2\/pages\/3505","targetHints":{"allow":["GET"]}}],"collection":[{"href":"https:\/\/sainte-germaine-pornichet.fr\/index.php?rest_route=\/wp\/v2\/pages"}],"about":[{"href":"https:\/\/sainte-germaine-pornichet.fr\/index.php?rest_route=\/wp\/v2\/types\/page"}],"author":[{"embeddable":true,"href":"https:\/\/sainte-germaine-pornichet.fr\/index.php?rest_route=\/wp\/v2\/users\/16"}],"replies":[{"embeddable":true,"href":"https:\/\/sainte-germaine-pornichet.fr\/index.php?rest_route=%2Fwp%2Fv2%2Fcomments&post=3505"}],"version-history":[{"count":12,"href":"https:\/\/sainte-germaine-pornichet.fr\/index.php?rest_route=\/wp\/v2\/pages\/3505\/revisions"}],"predecessor-version":[{"id":50952,"href":"https:\/\/sainte-germaine-pornichet.fr\/index.php?rest_route=\/wp\/v2\/pages\/3505\/revisions\/50952"}],"wp:attachment":[{"href":"https:\/\/sainte-germaine-pornichet.fr\/index.php?rest_route=%2Fwp%2Fv2%2Fmedia&parent=3505"}],"curies":[{"name":"wp","href":"https:\/\/api.w.org\/{rel}","templated":true}]}}