{"id":2549,"date":"2017-09-28T10:44:50","date_gmt":"2017-09-28T09:44:50","guid":{"rendered":"https:\/\/sainte-germaine-pornichet.fr\/?page_id=2549"},"modified":"2026-01-06T19:39:26","modified_gmt":"2026-01-06T18:39:26","slug":"projet-educatif","status":"publish","type":"page","link":"https:\/\/sainte-germaine-pornichet.fr\/?page_id=2549","title":{"rendered":"Projet \u00e9ducatif"},"content":{"rendered":"<p>Notre \u00e9cole fait partie de l&rsquo;Enseignement catholique. Vous trouverez ci-dessous une plaquette pr\u00e9sentant le projet.<\/p>\n<p><a href=\"https:\/\/sainte-germaine-pornichet.fr\/wp-content\/uploads\/2025\/06\/projet-ens-catho-1.pdf\">projet ens catho<\/a><\/p>\n<p>Voici le projet \u00e9ducatif de l&rsquo;\u00e9cole Sainte Germaine :<\/p>\n<p><a href=\"https:\/\/sainte-germaine-pornichet.fr\/wp-content\/uploads\/2026\/01\/Projet-educatif-Ste-Germaine.pdf\">Projet \u00e9ducatif Ste Germaine<\/a><\/p>\n","protected":false},"excerpt":{"rendered":"<p>Notre \u00e9cole fait partie de l&rsquo;Enseignement catholique. Vous trouverez ci-dessous une plaquette pr\u00e9sentant le projet. projet ens catho Voici le projet \u00e9ducatif de l&rsquo;\u00e9cole Sainte Germaine : Projet \u00e9ducatif Ste&hellip; <br \/> <a class=\"read-more\" href=\"https:\/\/sainte-germaine-pornichet.fr\/?page_id=2549\">Lire la suite<\/a><\/p>\n","protected":false},"author":16,"featured_media":0,"parent":0,"menu_order":0,"comment_status":"closed","ping_status":"closed","template":"","meta":{"footnotes":""},"class_list":["post-2549","page","type-page","status-publish","hentry"],"_links":{"self":[{"href":"https:\/\/sainte-germaine-pornichet.fr\/index.php?rest_route=\/wp\/v2\/pages\/2549","targetHints":{"allow":["GET"]}}],"collection":[{"href":"https:\/\/sainte-germaine-pornichet.fr\/index.php?rest_route=\/wp\/v2\/pages"}],"about":[{"href":"https:\/\/sainte-germaine-pornichet.fr\/index.php?rest_route=\/wp\/v2\/types\/page"}],"author":[{"embeddable":true,"href":"https:\/\/sainte-germaine-pornichet.fr\/index.php?rest_route=\/wp\/v2\/users\/16"}],"replies":[{"embeddable":true,"href":"https:\/\/sainte-germaine-pornichet.fr\/index.php?rest_route=%2Fwp%2Fv2%2Fcomments&post=2549"}],"version-history":[{"count":10,"href":"https:\/\/sainte-germaine-pornichet.fr\/index.php?rest_route=\/wp\/v2\/pages\/2549\/revisions"}],"predecessor-version":[{"id":51445,"href":"https:\/\/sainte-germaine-pornichet.fr\/index.php?rest_route=\/wp\/v2\/pages\/2549\/revisions\/51445"}],"wp:attachment":[{"href":"https:\/\/sainte-germaine-pornichet.fr\/index.php?rest_route=%2Fwp%2Fv2%2Fmedia&parent=2549"}],"curies":[{"name":"wp","href":"https:\/\/api.w.org\/{rel}","templated":true}]}}