{"id":2534,"date":"2017-09-28T10:03:48","date_gmt":"2017-09-28T09:03:48","guid":{"rendered":"https:\/\/sainte-germaine-pornichet.fr\/?page_id=2534"},"modified":"2025-10-23T11:32:34","modified_gmt":"2025-10-23T09:32:34","slug":"pastorale","status":"publish","type":"page","link":"https:\/\/sainte-germaine-pornichet.fr\/?page_id=2534","title":{"rendered":"Pastorale"},"content":{"rendered":"<p>A l&rsquo;\u00e9cole Sainte Germaine, il existe d\u00e8s la Petite Section des propositions autour de la culture religieuse et l&rsquo;\u00e9veil \u00e0 la foi.<\/p>\n<p>L&rsquo;ensemble de la communaut\u00e9 \u00e9ducative (parents, enfants, professeur, personnel, paroisse) se retrouve \u00e9galement au cours de c\u00e9l\u00e9brations.<\/p>\n<p>2025-2026<\/p>\n<p>C\u00e9l\u00e9bration de l&rsquo;Avent &#8211; le 13 d\u00e9cembre en l&rsquo;\u00e9glise de St S\u00e9bastien.<\/p>\n<p>En classe de CE1, tous les \u00e9l\u00e8ves ont un cours de culture chr\u00e9tienne. Une proposition cat\u00e9ch\u00e9tique est faite par la paroisse (hors temps scolaire).<\/p>\n<p>A partir du CE2, les parents peuvent inscrire leur enfant \u00e0 la cat\u00e9ch\u00e8se, ou bien \u00e0 des cours de culture chr\u00e9tienne.<\/p>\n<p>La cat\u00e9ch\u00e8se, encadr\u00e9e par des membres de la paroisse ou par des enseignants, permet aux enfants de d\u00e9couvrir la foi, de d\u00e9couvrir la pri\u00e8re et de pr\u00e9parer un sacrement (bapt\u00eame ou premi\u00e8re communion).<\/p>\n<p>La culture chr\u00e9tienne est un cours (de culture g\u00e9n\u00e9rale, d&rsquo;histoire) pr\u00e9par\u00e9 par l&rsquo;enseignant sur les diff\u00e9rents aspects de la religion chr\u00e9tienne, mais aussi des autres religions monoth\u00e9istes.<\/p>\n<p>&nbsp;<\/p>\n<p><strong>Tous les enfants et leurs familles sont invit\u00e9s aux \u00ab\u00a0messes en famille\u00a0\u00bb.&nbsp;<\/strong><\/p>\n<p style=\"text-align: center;\">Calendrier des messes en famille 2025 \u2013 2026<br \/>\nLes messes ont lieu :<br \/>\n\u2022 16 novembre 2025<br \/>\n\u2022 14 d\u00e9cembre 2025<br \/>\n\u2022 le 18 janvier 2026<br \/>\n\u2022 le 8 f\u00e9vrier 2026<br \/>\n\u2022 le 15 mars 2026<br \/>\n\u2022 le 10 mai 2026<\/p>\n<p>en l\u2019\u00e9glise Notre Dame \u00e0 La Baule<br \/>\n\u00e0 11h<\/p>\n<p><strong><span class=\"cs_red cs_rouge\">Les messes en famille et les temps forts faisant partie int\u00e9grante de la cat\u00e9ch\u00e8se, merci de bien vouloir noter les dates de ce calendrier et d\u2019y accompagner votre enfant.<\/span><\/strong><\/p>\n","protected":false},"excerpt":{"rendered":"<p>A l&rsquo;\u00e9cole Sainte Germaine, il existe d\u00e8s la Petite Section des propositions autour de la culture religieuse et l&rsquo;\u00e9veil \u00e0 la foi. L&rsquo;ensemble de la communaut\u00e9 \u00e9ducative (parents, enfants, professeur,&hellip; <br \/> <a class=\"read-more\" href=\"https:\/\/sainte-germaine-pornichet.fr\/?page_id=2534\">Lire la suite<\/a><\/p>\n","protected":false},"author":16,"featured_media":0,"parent":0,"menu_order":0,"comment_status":"closed","ping_status":"closed","template":"","meta":{"footnotes":""},"class_list":["post-2534","page","type-page","status-publish","hentry"],"_links":{"self":[{"href":"https:\/\/sainte-germaine-pornichet.fr\/index.php?rest_route=\/wp\/v2\/pages\/2534","targetHints":{"allow":["GET"]}}],"collection":[{"href":"https:\/\/sainte-germaine-pornichet.fr\/index.php?rest_route=\/wp\/v2\/pages"}],"about":[{"href":"https:\/\/sainte-germaine-pornichet.fr\/index.php?rest_route=\/wp\/v2\/types\/page"}],"author":[{"embeddable":true,"href":"https:\/\/sainte-germaine-pornichet.fr\/index.php?rest_route=\/wp\/v2\/users\/16"}],"replies":[{"embeddable":true,"href":"https:\/\/sainte-germaine-pornichet.fr\/index.php?rest_route=%2Fwp%2Fv2%2Fcomments&post=2534"}],"version-history":[{"count":13,"href":"https:\/\/sainte-germaine-pornichet.fr\/index.php?rest_route=\/wp\/v2\/pages\/2534\/revisions"}],"predecessor-version":[{"id":51071,"href":"https:\/\/sainte-germaine-pornichet.fr\/index.php?rest_route=\/wp\/v2\/pages\/2534\/revisions\/51071"}],"wp:attachment":[{"href":"https:\/\/sainte-germaine-pornichet.fr\/index.php?rest_route=%2Fwp%2Fv2%2Fmedia&parent=2534"}],"curies":[{"name":"wp","href":"https:\/\/api.w.org\/{rel}","templated":true}]}}