{"id":2454,"date":"2017-05-31T14:39:16","date_gmt":"2017-05-31T13:39:16","guid":{"rendered":"https:\/\/sainte-germaine-pornichet.fr\/?page_id=2454"},"modified":"2017-09-28T10:36:10","modified_gmt":"2017-09-28T09:36:10","slug":"sites-amis","status":"publish","type":"page","link":"https:\/\/sainte-germaine-pornichet.fr\/?page_id=2454","title":{"rendered":"Sites amis et ressources"},"content":{"rendered":"<h3>Coll\u00e8ge Sacr\u00e9 Coeur de Pornichet<\/h3>\n<p>http:\/\/sacrecoeur-pornichet.loire-atlantique.e-lyco.fr\/<\/p>\n<p>&nbsp;<\/p>\n<h3>Le Parvis \u00e0 Saint-Nazaire (propositions culturelles autour de la religion chr\u00e9tienne)<\/h3>\n<p>http:\/\/leparvissaintnazaire.fr<\/p>\n<p>&nbsp;<\/p>\n<h3>Paroisse de Pornichet<\/h3>\n<p>http:\/\/egliseinfo.catholique.fr\/communaute\/na\/44\/la-trinite-d-escoublac-pornichet<\/p>\n<p>&nbsp;<\/p>\n<h3>Mairie de Pornichet<\/h3>\n<p>http:\/\/www.ville-pornichet.fr\/<\/p>\n<p>&nbsp;<\/p>\n<h3>Ecole des Parents et des \u00c9ducateurs de Loire-Atlantique<\/h3>\n<div class='embed-container'>\n<blockquote class=\"wp-embedded-content\" data-secret=\"0p2qJmgjwn\"><p><a href=\"https:\/\/epe44.fr\/\">Accueil<\/a><\/p><\/blockquote>\n<p><iframe loading=\"lazy\" class=\"wp-embedded-content\" sandbox=\"allow-scripts\" security=\"restricted\" style=\"position: absolute; visibility: hidden;\" title=\"\u00ab\u00a0Accueil\u00a0\u00bb &#8212; \u00c9cole des Parents et des \u00c9ducateurs - EPE 44\" src=\"https:\/\/epe44.fr\/embed\/#?secret=QFMPlIIbRU#?secret=0p2qJmgjwn\" data-secret=\"0p2qJmgjwn\" width=\"600\" height=\"338\" frameborder=\"0\" marginwidth=\"0\" marginheight=\"0\" scrolling=\"no\"><\/iframe><\/div>\n<p>Situ\u00e9 \u00e0 St Nazaire, cette structure a pour missions d&rsquo;accueillir, d&rsquo;\u00e9couter, d&rsquo;informer et d&rsquo;accompagner les parents : des psychologues (\u00e9coute t\u00e9l\u00e9phonique ou consultation, animation de temps entre parents).<\/p>\n<p>Le service est gratuit et rapide.<\/p>\n<p>Ecoute t\u00e9l\u00e9phonique (mardi et jeudi de 13h \u00e0 17h) : 02 40 35 00 88<\/p>\n<p>Consultation : 02 40 35 47 73<\/p>\n<p>&nbsp;<\/p>\n","protected":false},"excerpt":{"rendered":"<p>Coll\u00e8ge Sacr\u00e9 Coeur de Pornichet http:\/\/sacrecoeur-pornichet.loire-atlantique.e-lyco.fr\/ &nbsp; Le Parvis \u00e0 Saint-Nazaire (propositions culturelles autour de la religion chr\u00e9tienne) http:\/\/leparvissaintnazaire.fr &nbsp; Paroisse de Pornichet http:\/\/egliseinfo.catholique.fr\/communaute\/na\/44\/la-trinite-d-escoublac-pornichet &nbsp; Mairie de Pornichet http:\/\/www.ville-pornichet.fr\/ &nbsp;&hellip; <br \/> <a class=\"read-more\" href=\"https:\/\/sainte-germaine-pornichet.fr\/?page_id=2454\">Lire la suite<\/a><\/p>\n","protected":false},"author":16,"featured_media":0,"parent":0,"menu_order":0,"comment_status":"closed","ping_status":"closed","template":"","meta":{"footnotes":""},"class_list":["post-2454","page","type-page","status-publish","hentry"],"_links":{"self":[{"href":"https:\/\/sainte-germaine-pornichet.fr\/index.php?rest_route=\/wp\/v2\/pages\/2454","targetHints":{"allow":["GET"]}}],"collection":[{"href":"https:\/\/sainte-germaine-pornichet.fr\/index.php?rest_route=\/wp\/v2\/pages"}],"about":[{"href":"https:\/\/sainte-germaine-pornichet.fr\/index.php?rest_route=\/wp\/v2\/types\/page"}],"author":[{"embeddable":true,"href":"https:\/\/sainte-germaine-pornichet.fr\/index.php?rest_route=\/wp\/v2\/users\/16"}],"replies":[{"embeddable":true,"href":"https:\/\/sainte-germaine-pornichet.fr\/index.php?rest_route=%2Fwp%2Fv2%2Fcomments&post=2454"}],"version-history":[{"count":4,"href":"https:\/\/sainte-germaine-pornichet.fr\/index.php?rest_route=\/wp\/v2\/pages\/2454\/revisions"}],"predecessor-version":[{"id":2547,"href":"https:\/\/sainte-germaine-pornichet.fr\/index.php?rest_route=\/wp\/v2\/pages\/2454\/revisions\/2547"}],"wp:attachment":[{"href":"https:\/\/sainte-germaine-pornichet.fr\/index.php?rest_route=%2Fwp%2Fv2%2Fmedia&parent=2454"}],"curies":[{"name":"wp","href":"https:\/\/api.w.org\/{rel}","templated":true}]}}