{"id":2428,"date":"2017-05-22T10:38:33","date_gmt":"2017-05-22T09:38:33","guid":{"rendered":"https:\/\/sainte-germaine-pornichet.fr\/?page_id=2428"},"modified":"2024-10-15T18:01:05","modified_gmt":"2024-10-15T16:01:05","slug":"contact","status":"publish","type":"page","link":"https:\/\/sainte-germaine-pornichet.fr\/?page_id=2428","title":{"rendered":"Contact"},"content":{"rendered":"<h2>Pour contacter:<\/h2>\n<h2>&#8211; la cheffe d&rsquo;\u00e9tablissement, notamment pour une inscription :<\/h2>\n<p>02 40 61 30 49<\/p>\n<p>ec.pornichet.ste-germaine@ec44.fr<\/p>\n<p>Madame Annabel MENAGER est en classe le lundi, jeudi et vendredi. Il est plus facile de la joindre le mardi.<\/p>\n<h2>&#8211; l&rsquo;OGEC :<\/h2>\n<p>ogec.stegermaine44@gmail.com<\/p>\n<h2>&#8211; l&rsquo;accueil p\u00e9riscolaire :<\/h2>\n<p>accueil.stegermaine@gmail.com<\/p>\n<p>07 67 25 77 59<\/p>\n<h2>&#8211; la comptabilit\u00e9 :<\/h2>\n<p>comptable.stegermaine@gmail.com<\/p>\n<p>Madame Viverge est pr\u00e9sente \u00e0 l&rsquo;\u00e9cole le jeudi de 8h30 \u00e0 17h.<\/p>\n<h2>&#8211; la restauration :<\/h2>\n<p>restauration.stegermaine@gmail.com<\/p>\n<p>&nbsp;<\/p>\n","protected":false},"excerpt":{"rendered":"<p>Pour contacter: &#8211; la cheffe d&rsquo;\u00e9tablissement, notamment pour une inscription : 02 40 61 30 49 ec.pornichet.ste-germaine@ec44.fr Madame Annabel MENAGER est en classe le lundi, jeudi et vendredi. Il est&hellip; <br \/> <a class=\"read-more\" href=\"https:\/\/sainte-germaine-pornichet.fr\/?page_id=2428\">Lire la suite<\/a><\/p>\n","protected":false},"author":16,"featured_media":0,"parent":0,"menu_order":0,"comment_status":"closed","ping_status":"closed","template":"","meta":{"footnotes":""},"class_list":["post-2428","page","type-page","status-publish","hentry"],"_links":{"self":[{"href":"https:\/\/sainte-germaine-pornichet.fr\/index.php?rest_route=\/wp\/v2\/pages\/2428","targetHints":{"allow":["GET"]}}],"collection":[{"href":"https:\/\/sainte-germaine-pornichet.fr\/index.php?rest_route=\/wp\/v2\/pages"}],"about":[{"href":"https:\/\/sainte-germaine-pornichet.fr\/index.php?rest_route=\/wp\/v2\/types\/page"}],"author":[{"embeddable":true,"href":"https:\/\/sainte-germaine-pornichet.fr\/index.php?rest_route=\/wp\/v2\/users\/16"}],"replies":[{"embeddable":true,"href":"https:\/\/sainte-germaine-pornichet.fr\/index.php?rest_route=%2Fwp%2Fv2%2Fcomments&post=2428"}],"version-history":[{"count":11,"href":"https:\/\/sainte-germaine-pornichet.fr\/index.php?rest_route=\/wp\/v2\/pages\/2428\/revisions"}],"predecessor-version":[{"id":9055,"href":"https:\/\/sainte-germaine-pornichet.fr\/index.php?rest_route=\/wp\/v2\/pages\/2428\/revisions\/9055"}],"wp:attachment":[{"href":"https:\/\/sainte-germaine-pornichet.fr\/index.php?rest_route=%2Fwp%2Fv2%2Fmedia&parent=2428"}],"curies":[{"name":"wp","href":"https:\/\/api.w.org\/{rel}","templated":true}]}}