{"id":2423,"date":"2017-05-22T10:17:04","date_gmt":"2017-05-22T09:17:04","guid":{"rendered":"https:\/\/sainte-germaine-pornichet.fr\/?page_id=2423"},"modified":"2025-10-01T22:25:11","modified_gmt":"2025-10-01T20:25:11","slug":"les-associations","status":"publish","type":"page","link":"https:\/\/sainte-germaine-pornichet.fr\/?page_id=2423","title":{"rendered":"OGEC"},"content":{"rendered":"<h2>OGEC (Organisme de Gestion de l&rsquo;Enseignement Catholique) (gestion du personnel, des travaux, de l&rsquo;entretien, de l&rsquo;accueil p\u00e9riscolaire)<\/h2>\n<p>Pr\u00e9sident : Monsieur Christophe JAULIN<\/p>\n<p>Tr\u00e9sorier : Monsieur Nicolas FOURNIER<\/p>\n<p>Secr\u00e9taire : Madame Alix BIZET<\/p>\n<p>Pour contacter l&rsquo;OGEC : <em>ogec.stegermaine44@gmail.com<\/p>\n<p><a href=\"https:\/\/sainte-germaine-pornichet.fr\/wp-content\/uploads\/2025\/10\/Trombi-OGEC-2025-2026.jpg\"><img loading=\"lazy\" decoding=\"async\" src=\"https:\/\/sainte-germaine-pornichet.fr\/wp-content\/uploads\/2025\/10\/Trombi-OGEC-2025-2026-300x169.jpg\" alt=\"\" width=\"300\" height=\"169\" class=\"alignnone size-medium wp-image-51047\" srcset=\"https:\/\/sainte-germaine-pornichet.fr\/wp-content\/uploads\/2025\/10\/Trombi-OGEC-2025-2026-300x169.jpg 300w, https:\/\/sainte-germaine-pornichet.fr\/wp-content\/uploads\/2025\/10\/Trombi-OGEC-2025-2026-1024x576.jpg 1024w, https:\/\/sainte-germaine-pornichet.fr\/wp-content\/uploads\/2025\/10\/Trombi-OGEC-2025-2026-768x432.jpg 768w, https:\/\/sainte-germaine-pornichet.fr\/wp-content\/uploads\/2025\/10\/Trombi-OGEC-2025-2026.jpg 1280w\" sizes=\"auto, (max-width: 300px) 100vw, 300px\" \/><\/a><\/p>\n","protected":false},"excerpt":{"rendered":"<p>OGEC (Organisme de Gestion de l&rsquo;Enseignement Catholique) (gestion du personnel, des travaux, de l&rsquo;entretien, de l&rsquo;accueil p\u00e9riscolaire) Pr\u00e9sident : Monsieur Christophe JAULIN Tr\u00e9sorier : Monsieur Nicolas FOURNIER Secr\u00e9taire : Madame&hellip; <br \/> <a class=\"read-more\" href=\"https:\/\/sainte-germaine-pornichet.fr\/?page_id=2423\">Lire la suite<\/a><\/p>\n","protected":false},"author":16,"featured_media":0,"parent":0,"menu_order":0,"comment_status":"closed","ping_status":"closed","template":"","meta":{"footnotes":""},"class_list":["post-2423","page","type-page","status-publish","hentry"],"_links":{"self":[{"href":"https:\/\/sainte-germaine-pornichet.fr\/index.php?rest_route=\/wp\/v2\/pages\/2423","targetHints":{"allow":["GET"]}}],"collection":[{"href":"https:\/\/sainte-germaine-pornichet.fr\/index.php?rest_route=\/wp\/v2\/pages"}],"about":[{"href":"https:\/\/sainte-germaine-pornichet.fr\/index.php?rest_route=\/wp\/v2\/types\/page"}],"author":[{"embeddable":true,"href":"https:\/\/sainte-germaine-pornichet.fr\/index.php?rest_route=\/wp\/v2\/users\/16"}],"replies":[{"embeddable":true,"href":"https:\/\/sainte-germaine-pornichet.fr\/index.php?rest_route=%2Fwp%2Fv2%2Fcomments&post=2423"}],"version-history":[{"count":21,"href":"https:\/\/sainte-germaine-pornichet.fr\/index.php?rest_route=\/wp\/v2\/pages\/2423\/revisions"}],"predecessor-version":[{"id":51048,"href":"https:\/\/sainte-germaine-pornichet.fr\/index.php?rest_route=\/wp\/v2\/pages\/2423\/revisions\/51048"}],"wp:attachment":[{"href":"https:\/\/sainte-germaine-pornichet.fr\/index.php?rest_route=%2Fwp%2Fv2%2Fmedia&parent=2423"}],"curies":[{"name":"wp","href":"https:\/\/api.w.org\/{rel}","templated":true}]}}