{"id":231,"date":"2014-02-26T10:28:05","date_gmt":"2014-02-26T09:28:05","guid":{"rendered":"https:\/\/sainte-germaine-pornichet.fr\/?page_id=231"},"modified":"2025-09-10T16:37:03","modified_gmt":"2025-09-10T14:37:03","slug":"ou-sommes-nous","status":"publish","type":"page","link":"https:\/\/sainte-germaine-pornichet.fr\/?page_id=231","title":{"rendered":"Pr\u00e9sentation"},"content":{"rendered":"<p>                                            Toute l&rsquo;\u00e9quipe vous souhaite la BIENVENUE !<br \/>\n<a href=\"https:\/\/sainte-germaine-pornichet.fr\/wp-content\/uploads\/2024\/11\/6M7A1088-scaled.jpg\"><img loading=\"lazy\" decoding=\"async\" src=\"https:\/\/sainte-germaine-pornichet.fr\/wp-content\/uploads\/2024\/11\/6M7A1088-300x225.jpg\" alt=\"\" width=\"300\" height=\"225\" class=\"alignnone size-medium wp-image-49976\" srcset=\"https:\/\/sainte-germaine-pornichet.fr\/wp-content\/uploads\/2024\/11\/6M7A1088-300x225.jpg 300w, https:\/\/sainte-germaine-pornichet.fr\/wp-content\/uploads\/2024\/11\/6M7A1088-1024x768.jpg 1024w, https:\/\/sainte-germaine-pornichet.fr\/wp-content\/uploads\/2024\/11\/6M7A1088-768x576.jpg 768w, https:\/\/sainte-germaine-pornichet.fr\/wp-content\/uploads\/2024\/11\/6M7A1088-1536x1151.jpg 1536w, https:\/\/sainte-germaine-pornichet.fr\/wp-content\/uploads\/2024\/11\/6M7A1088-2048x1535.jpg 2048w, https:\/\/sainte-germaine-pornichet.fr\/wp-content\/uploads\/2024\/11\/6M7A1088-1320x989.jpg 1320w\" sizes=\"auto, (max-width: 300px) 100vw, 300px\" \/><\/a><\/p>\n<h2><strong>LA R\u00c9PARTITION P\u00c9DAGOGIQUE<\/strong><\/h2>\n<p style=\"text-align: left;\">Nos 121 \u00e9l\u00e8ves sont r\u00e9partis en 5 classes :<\/p>\n<p style=\"text-align: left;\">PS\/MS<\/p>\n<p>MS\/GS<\/p>\n<p style=\"text-align: left;\">CP\/CE1<\/p>\n<p style=\"text-align: left;\">CE1\/CE2<\/p>\n<p>CM1\/CM2<\/p>\n<h2 style=\"text-align: left;\"><strong>LES HORAIRES<\/strong><\/h2>\n<p style=\"text-align: left;\"><strong>Temps de classe<\/strong><\/p>\n<p style=\"text-align: left;\">Pas de classe le mercredi.<\/p>\n<p style=\"text-align: left;\"><em>8h45-12h15&nbsp; <\/em><\/p>\n<p style=\"text-align: left;\"><em>14h-16h45<\/em><\/p>\n<p style=\"text-align: left;\"><strong>Accueil p\u00e9riscolaire<\/strong><\/p>\n<p style=\"text-align: left;\"><em>7h30-8h30<\/em><\/p>\n<p style=\"text-align: left;\"><em>16h45-19h<\/em><\/p>\n<p style=\"text-align: left;\"><strong>Comptable<\/strong><\/p>\n<p style=\"text-align: left;\"><em>8h30-16h le jeudi<\/em><\/p>\n<p style=\"text-align: left;\"><strong>Direction <\/strong><\/p>\n<p style=\"text-align: left;\">Annabel MENAGER, la Cheffe d&rsquo;\u00e9tablissement re\u00e7oit sur rendez-vous, au 02 40 61 30 49 ou ec.pornichet.ste-germaine@ec44.fr<\/p>\n<p style=\"text-align: left;\">Sa journ\u00e9e de d\u00e9charge est le mardi.<\/p>\n<p><strong>Les \u00e9quipes <\/strong><\/p>\n<p><a href=\"https:\/\/sainte-germaine-pornichet.fr\/wp-content\/uploads\/2025\/09\/1.jpg\"><img loading=\"lazy\" decoding=\"async\" src=\"https:\/\/sainte-germaine-pornichet.fr\/wp-content\/uploads\/2025\/09\/1-300x300.jpg\" alt=\"\" width=\"300\" height=\"300\" class=\"alignnone size-medium wp-image-51013\" srcset=\"https:\/\/sainte-germaine-pornichet.fr\/wp-content\/uploads\/2025\/09\/1-300x300.jpg 300w, https:\/\/sainte-germaine-pornichet.fr\/wp-content\/uploads\/2025\/09\/1-1024x1024.jpg 1024w, https:\/\/sainte-germaine-pornichet.fr\/wp-content\/uploads\/2025\/09\/1-150x150.jpg 150w, https:\/\/sainte-germaine-pornichet.fr\/wp-content\/uploads\/2025\/09\/1-768x768.jpg 768w, https:\/\/sainte-germaine-pornichet.fr\/wp-content\/uploads\/2025\/09\/1.jpg 1080w\" sizes=\"auto, (max-width: 300px) 100vw, 300px\" \/><\/a><\/p>\n<p><a href=\"https:\/\/sainte-germaine-pornichet.fr\/wp-content\/uploads\/2025\/09\/2.jpg\"><img loading=\"lazy\" decoding=\"async\" src=\"https:\/\/sainte-germaine-pornichet.fr\/wp-content\/uploads\/2025\/09\/2-300x300.jpg\" alt=\"\" width=\"300\" height=\"300\" class=\"alignnone size-medium wp-image-51014\" srcset=\"https:\/\/sainte-germaine-pornichet.fr\/wp-content\/uploads\/2025\/09\/2-300x300.jpg 300w, https:\/\/sainte-germaine-pornichet.fr\/wp-content\/uploads\/2025\/09\/2-1024x1024.jpg 1024w, https:\/\/sainte-germaine-pornichet.fr\/wp-content\/uploads\/2025\/09\/2-150x150.jpg 150w, https:\/\/sainte-germaine-pornichet.fr\/wp-content\/uploads\/2025\/09\/2-768x768.jpg 768w, https:\/\/sainte-germaine-pornichet.fr\/wp-content\/uploads\/2025\/09\/2.jpg 1080w\" sizes=\"auto, (max-width: 300px) 100vw, 300px\" \/><\/a><\/p>\n<h2><strong>NOTRE HISTOIRE (\u00e9crite par les \u00e9l\u00e8ves et leurs enseignants lors du projet 2018-2019 \u00ab\u00a0Ecrivons notre \u00e9cole, d&rsquo;hier \u00e0 demain\u00a0\u00bb)<\/strong><\/h2>\n<p>Ce sont les S\u0153urs de la Sainte Famille de Bordeaux qui ont d\u2019abord tenu la \u00ab&nbsp;maison d\u2019enseignantes&nbsp;\u00bb fond\u00e9e le 5 mars 1877. Elle sera ferm\u00e9e le 17 ao\u00fbt 1898, un peu avant que n\u2019interviennent les lois de 1910 et 1904 qui marqu\u00e8rent la s\u00e9paration de l\u2019Eglise et de l\u2019Etat.<\/p>\n<p>Dans les ann\u00e9es 1930, le P\u00e8re Robert, cur\u00e9 de la paroisse \u00ab&nbsp;Saint-S\u00e9bastien&nbsp;\u00bb, milite pour la r\u00e9ouverture d\u2019une \u00e9cole paroissiale sur le territoire. Il entame, d\u00e8s 1939, des travaux dans les b\u00e2timents actuels pour accueillir les \u00e9l\u00e8ves. La guerre commence, les travaux prennent du retard. Il s\u2019accorde avec la congr\u00e9gation \u00ab&nbsp;Saint Paul de Chartres&nbsp;\u00bb pour que des s\u0153urs viennent assurer l\u2019enseignement. Une premi\u00e8re rentr\u00e9e a lieu en octobre 1942. Mais, quelques semaines apr\u00e8s, par crainte des bombardements autour de la poche de Saint-Nazaire, l\u2019\u00e9cole est ferm\u00e9e. Les \u00e9l\u00e8ves sont accueillis en pension dans une \u00e9cole de Carquefou, g\u00e9r\u00e9 par la m\u00eame congr\u00e9gation.<\/p>\n<p>L\u2019\u00e9cole va \u00eatre occup\u00e9e par les Allemands, puis par des marins de Toulon. Elle est restitu\u00e9e au cur\u00e9, le P\u00e8re Robert, en 1945. De nouveaux travaux ont lieu. Les marins ont modernis\u00e9 l\u2019\u00e9quipement en installant une pompe permettant des arriv\u00e9es d\u2019eau \u00e0 l\u2019\u00e9tage du b\u00e2timent.<\/p>\n<p>Les S\u0153urs de Saint Paul de Chartres n\u2019ont plus de religieuses disponibles. L\u2019ann\u00e9e scolaire 1945-1946 est finalement assur\u00e9e par deux la\u00efques&nbsp;: la directrice Mademoiselle Rateau et son adjointe Mademoiselle Joly. Apr\u00e8s plusieurs courriers, une nouvelle congr\u00e9gation, alors bien connue dans la r\u00e9gion, accepte de venir \u00e0 Sainte-Germaine pour assurer une pr\u00e9sence religieuse et l\u2019enseignement aux enfants du quartier&nbsp;: il s\u2019agit des S\u0153urs de Saint Gildas des Bois. S\u0153ur Saint Louis du Sauveur devient directrice, et ce jusqu\u2019en 1971. Elle sera accompagn\u00e9e au d\u00e9but par S\u0153ur Marie-Edouard. Selon les archives des religieuses, il y a 43 \u00e9l\u00e8ves en 1946, 90 en 1950, r\u00e9partis en deux classes.<\/p>\n<p>En 1952, la paroisse ouvre une \u00e9cole de gar\u00e7ons&nbsp;: l\u2019\u00e9cole Saint-Joseph. Elle sera dirig\u00e9e par Monsieur Gabriel Mah\u00e9. Elle comportera deux classes. Les enfants de moins de 7 ans vont dans la classe enfantine de l\u2019\u00e9cole Sainte-Germaine.<\/p>\n<p>En 1953 est cr\u00e9\u00e9 l\u2019APE, le comit\u00e9 scolaire qui prend les d\u00e9cisions quant aux r\u00e9parations de l\u2019\u00e9cole, qui deviendra plus tard OGEC.&nbsp;<\/p>\n<p>A la rentr\u00e9e 1967, l\u2019\u00e9cole Sainte-Germaine devient mixte. L\u2019\u00e9cole Saint-Joseph est ferm\u00e9e. Monsieur Mah\u00e9 devient enseignant \u00e0 Sainte Germaine, avant d\u2019en prendre la direction en 1971, au d\u00e9part de S\u0153ur Saint Louis du Sauveur.<\/p>\n<p>En 1975, c\u2019est au tour de M. Mah\u00e9 de prendre sa retraite. Il est remplac\u00e9 par son coll\u00e8gue M. Claude Chalet. C\u2019est l\u2019\u00e9poque des classes de neige de trois semaines dans les Alpes.<\/p>\n<p>Ces classes de neige joueront une importance dans la suite de l\u2019histoire de l\u2019\u00e9tablissement, car elles seront l\u2019occasion d\u2019une rencontre entre une jeune enseignante de la commune d\u2019accueil, Mme Th\u00e9r\u00e8se Thomas, et les \u00e9l\u00e8ves et leurs accompagnateurs.<\/p>\n<p>Par cette rencontre, Mme Thomas viendra finalement \u00e0 Pornichet en 1982 pour assurer la direction de l\u2019\u00e9cole Sainte-Germaine. A cette \u00e9poque, l\u2019\u00e9tablissement n\u2019est pas en bonne sant\u00e9&nbsp;: les effectifs ont chut\u00e9 de moiti\u00e9. Sainte-Germaine redevient progressivement une \u00e9cole en mouvement gr\u00e2ce \u00e0 un investissement et une solidarit\u00e9 importants des familles et de l\u2019\u00e9tablissement.<\/p>\n<p>En 2010, c\u2019est au tour de Yoann David, alors enseignant dans l\u2019\u00e9tablissement, de devenir directeur. L\u2019\u00e9v\u00e9nement marquant de cette p\u00e9riode reste l\u2019incendie criminel au sein de Sainte-Germaine, en d\u00e9cembre 2012. L\u2019\u00e9cole \u00e9tant compl\u00e9tement d\u00e9grad\u00e9e, la municipalit\u00e9 de Pornichet propose d\u2019accueillir les \u00e9l\u00e8ves dans le nouveau centre de loisirs au Pouligou. Ce sera une ann\u00e9e qui demandera beaucoup d\u2019\u00e9nergie&nbsp;: de nombreux d\u00e9m\u00e9nagements pour permettre \u00e0 l\u2019accueil de loisirs de fonctionner pendant les vacances, la gestion des travaux de r\u00e9paration\u2026 L\u00e0 encore, Sainte-Germaine sera marqu\u00e9e par la solidarit\u00e9 forte entre les familles, la municipalit\u00e9 et l\u2019\u00e9quipe enseignante.<\/p>\n<p>En 2016 c\u2019est Louis-Marie Bothorel, alors enseignant dans l\u2019\u00e9tablissement, qui prend en charge la direction de l\u2019\u00e9cole. L\u2019\u00e9tablissement est \u00ab comme neuf \u00bb. Il se porte mieux financi\u00e8rement et peut entrevoir l\u2019avenir avec de nouveaux projets.<\/p>\n<p>Depuis septembre 2024, c&rsquo;est Annabel M\u00e9nager qui est \u00e0 la direction de l&rsquo;\u00e9cole.<\/p>\n<p>La volont\u00e9 d\u2019accueillir les enfants du quartier est une caract\u00e9ristique propre \u00e0 l\u2019\u00e9tablissement. Chaque p\u00e9riode connait un moment o\u00f9 des questions de capacit\u00e9s d\u2019accueil sont \u00e0 l\u2019\u00e9tude&nbsp;: en 1940 pour ouvrir une \u00e9cole paroissiale, en 1953 s\u2019ouvre une \u00ab&nbsp;petite section&nbsp;\u00bb, en 1954 la classe est faite pour les grands dans le grenier (actuelle classe de CM), en 1962 on installe un modulaire dans la cour, en 1970 est construit l\u2019actuelle classe de GS\/CP (et 7 nouvelles toilettes dans la cour), en 1979 un pr\u00e9fabriqu\u00e9 s\u2019installe au bout de la cour, en 2000 est vendu une partie de la propri\u00e9t\u00e9 (parcelle actuellement occup\u00e9 par le constructeur Berthelot) afin de r\u00e9nover l\u2019\u00e9cole et permettre l\u2019accueil d\u2019une classe dans l\u2019ancien grenier (classe CM), en 2002, puis en 2007 les appartements de l\u2019\u00e9tage sont am\u00e9nag\u00e9s en classe (classe CE). Un permis de construire est d\u00e9pos\u00e9 en 2019 pour une extension (5<sup>e<\/sup> classe) et une r\u00e9organisation du RDC du b\u00e2timent principal.<\/p>\n<p>Il est int\u00e9ressant de noter que le quartier a profond\u00e9ment chang\u00e9 depuis 70 ans. Au milieu du XXe si\u00e8cle, les familles \u00e9taient compos\u00e9s d\u2019ouvriers, de paysans. Saint-S\u00e9bastien \u00e9tait un bourg entre le centre de Pornichet et Saint Nazaire. Sainte-Germaine \u00e9tait une \u00e9cole de campagne. Progressivement, le quartier s\u2019est urbanis\u00e9 en accueillant des salari\u00e9s de St Nazaire, des professions lib\u00e9rales, \u2026attir\u00e9s par le littoral. Le d\u00e9veloppement de l\u2019automobile a r\u00e9duit profond\u00e9ment les distances, l\u2019avenue de Saint-Nazaire \u00e9tant cr\u00e9\u00e9e, l\u2019\u00e9cole s\u2019est retrouv\u00e9e sur une voie secondaire, ce qui fait encore que l\u2019\u00e9cole est parfois peu connue des Pornich\u00e9tins.<\/p>\n<p>&nbsp;<\/p>\n<h2 style=\"text-align: left;\">Nous sommes ici : 143 avenue Saint S\u00e9bastien<\/h2>\n<p style=\"text-align: left;\"><iframe loading=\"lazy\" style=\"border: 0;\" src=\"https:\/\/www.google.com\/maps\/embed?pb=!1m18!1m12!1m3!1d1808.8813886630883!2d-2.3197299179973716!3d47.255058849346284!2m3!1f0!2f0!3f0!3m2!1i1024!2i768!4f13.1!3m3!1m2!1s0x4805681c6b1bb25f%3A0x287ace786676d1e9!2s143+Avenue+de+Saint-S%C3%A9bastien!5e1!3m2!1sfr!2sfr!4v1393406632085\" width=\"600\" height=\"450\" frameborder=\"0\"><\/iframe><\/p>\n","protected":false},"excerpt":{"rendered":"<p>Toute l&rsquo;\u00e9quipe vous souhaite la BIENVENUE ! LA R\u00c9PARTITION P\u00c9DAGOGIQUE Nos 121 \u00e9l\u00e8ves sont r\u00e9partis en 5 classes : PS\/MS MS\/GS CP\/CE1 CE1\/CE2 CM1\/CM2 LES HORAIRES Temps de classe Pas&hellip; <br \/> <a class=\"read-more\" href=\"https:\/\/sainte-germaine-pornichet.fr\/?page_id=231\">Lire la suite<\/a><\/p>\n","protected":false},"author":16,"featured_media":0,"parent":0,"menu_order":0,"comment_status":"closed","ping_status":"open","template":"","meta":{"footnotes":""},"class_list":["post-231","page","type-page","status-publish","hentry"],"_links":{"self":[{"href":"https:\/\/sainte-germaine-pornichet.fr\/index.php?rest_route=\/wp\/v2\/pages\/231","targetHints":{"allow":["GET"]}}],"collection":[{"href":"https:\/\/sainte-germaine-pornichet.fr\/index.php?rest_route=\/wp\/v2\/pages"}],"about":[{"href":"https:\/\/sainte-germaine-pornichet.fr\/index.php?rest_route=\/wp\/v2\/types\/page"}],"author":[{"embeddable":true,"href":"https:\/\/sainte-germaine-pornichet.fr\/index.php?rest_route=\/wp\/v2\/users\/16"}],"replies":[{"embeddable":true,"href":"https:\/\/sainte-germaine-pornichet.fr\/index.php?rest_route=%2Fwp%2Fv2%2Fcomments&post=231"}],"version-history":[{"count":20,"href":"https:\/\/sainte-germaine-pornichet.fr\/index.php?rest_route=\/wp\/v2\/pages\/231\/revisions"}],"predecessor-version":[{"id":51015,"href":"https:\/\/sainte-germaine-pornichet.fr\/index.php?rest_route=\/wp\/v2\/pages\/231\/revisions\/51015"}],"wp:attachment":[{"href":"https:\/\/sainte-germaine-pornichet.fr\/index.php?rest_route=%2Fwp%2Fv2%2Fmedia&parent=231"}],"curies":[{"name":"wp","href":"https:\/\/api.w.org\/{rel}","templated":true}]}}